{"id":216,"date":"2024-06-12T11:15:05","date_gmt":"2024-06-12T03:15:05","guid":{"rendered":"http:\/\/test.jornen.cn\/?post_type=product&#038;p=216"},"modified":"2024-06-12T11:15:05","modified_gmt":"2024-06-12T03:15:05","slug":"%e8%a3%85%e7%ae%b1%e6%9c%ba","status":"publish","type":"product","link":"http:\/\/www.jornen.cn\/?product=%e8%a3%85%e7%ae%b1%e6%9c%ba","title":{"rendered":"\u88c5\u7bb1\u673a"},"content":{"rendered":"<p style=\"font-weight: 400;\">JH-LCP05\u00a0\u578b\u81ea\u52a8\u88c5\u7bb1\u673a\u5c06\u5355\u4e2a\u76d2\u6216\u5df2\u4e2d\u5305\u7684\u76d2\u5b50\u81ea\u52a8\u88c5\u5165\u5927\u7eb8\u7bb1\u5185,\u673a\u5668\u80fd\u81ea\u52a8\u5b8c\u6210\u5c06\u7a7a\u7bb1\u6253\u5f00\u3001\u88c5\u5165\u7269\u54c1\u548c\u80f6\u5e26\u5c01\u7bb1\u7b49\u52a8\u4f5c\u3002\u8be5\u673a\u53ef\u4e0eDPP\u7cfb\u5217\u6ce1\u7f69\u5305\u88c5\u673a\u3001ZH\u7cfb\u5217\u88c5\u76d2\u673a\u3001\u81ea\u52a8\u8584\u819c\u6346\u5305\u673a\u7b49\u524d\u3001\u4e2d\u9053\u5305\u88c5\u8bbe\u5907\u8fde\u63a5\u5f62\u6210\u5b8c\u6574\u7684\u5305\u88c5\u751f\u4ea7\u7ebf\u3002<\/p>\n<p style=\"font-weight: 400;\">\u4e3b\u8981\u6280\u672f\u53c2\u6570:<\/p>\n<p style=\"font-weight: 400;\">\u4ea7\u80fd: 5\u7bb1\/1\u5206<br \/>\n\u6700\u5927\u7bb1\u5b50\u5c3a\u5bf8(L\u00d7W\u00d7H): 600\u00d7400\u00d7380mm<br \/>\n\u6700\u5c0f\u7bb1\u5b50\u5c3a\u5bf8(L\u00d7W\u00d7H): 150\u00d7150\u00d7110mm<br \/>\n\u673a\u5668\u529f\u7387: 3kw<br \/>\n\u538b\u7f29\u7a7a\u6c14: 0.6Mpa<br \/>\n\u673a\u5668\u5c3a\u5bf8(L\u00d7W\u00d7H): 3200\u00d71820\u00d71900mm<br \/>\n\u673a\u5668\u91cd\u91cf: 1500kg<\/p>\n","protected":false},"excerpt":{"rendered":"<p>JH-LCP05\u00a0\u578b\u81ea\u52a8\u88c5\u7bb1\u673a\u5c06\u5355\u4e2a\u76d2\u6216\u5df2\u4e2d\u5305\u7684\u76d2\u5b50\u81ea\u52a8\u88c5\u5165\u5927\u7eb8\u7bb1\u5185,\u673a\u5668\u80fd\u81ea\u52a8\u5b8c\u6210\u5c06\u7a7a\u7bb1\u6253\u5f00\u3001\u88c5\u5165\u7269\u54c1\u548c\u80f6\u5e26\u5c01\u7bb1\u7b49\u52a8\u4f5c\u3002\u8be5\u673a\u53ef\u4e0eDPP\u7cfb\u5217\u6ce1\u7f69\u5305\u88c5\u673a\u3001ZH\u7cfb\u5217\u88c5\u76d2\u673a\u3001\u81ea\u52a8\u8584\u819c\u6346\u5305\u673a\u7b49\u524d\u3001\u4e2d\u9053\u5305\u88c5\u8bbe\u5907\u8fde\u63a5\u5f62\u6210\u5b8c\u6574\u7684\u5305\u88c5\u751f\u4ea7\u7ebf\u3002 \u4e3b\u8981\u6280\u672f\u53c2\u6570: \u4ea7\u80fd: &hellip; <\/p>\n","protected":false},"featured_media":217,"template":"","meta":[],"product_cat":[25],"product_tag":[],"class_list":{"0":"post-216","1":"product","2":"type-product","3":"status-publish","4":"has-post-thumbnail","6":"product_cat-25","8":"first","9":"instock","10":"shipping-taxable","11":"product-type-simple"},"_links":{"self":[{"href":"http:\/\/www.jornen.cn\/index.php?rest_route=\/wp\/v2\/product\/216","targetHints":{"allow":["GET"]}}],"collection":[{"href":"http:\/\/www.jornen.cn\/index.php?rest_route=\/wp\/v2\/product"}],"about":[{"href":"http:\/\/www.jornen.cn\/index.php?rest_route=\/wp\/v2\/types\/product"}],"wp:featuredmedia":[{"embeddable":true,"href":"http:\/\/www.jornen.cn\/index.php?rest_route=\/wp\/v2\/media\/217"}],"wp:attachment":[{"href":"http:\/\/www.jornen.cn\/index.php?rest_route=%2Fwp%2Fv2%2Fmedia&parent=216"}],"wp:term":[{"taxonomy":"product_cat","embeddable":true,"href":"http:\/\/www.jornen.cn\/index.php?rest_route=%2Fwp%2Fv2%2Fproduct_cat&post=216"},{"taxonomy":"product_tag","embeddable":true,"href":"http:\/\/www.jornen.cn\/index.php?rest_route=%2Fwp%2Fv2%2Fproduct_tag&post=216"}],"curies":[{"name":"wp","href":"https:\/\/api.w.org\/{rel}","templated":true}]}}